{"id":5869,"date":"2023-10-11T14:21:24","date_gmt":"2023-10-11T14:21:24","guid":{"rendered":"https:\/\/fincasgiron.com\/perfil\/"},"modified":"2024-01-18T15:44:07","modified_gmt":"2024-01-18T15:44:07","slug":"perfil","status":"publish","type":"page","link":"https:\/\/fincasgiron.com\/ca\/perfil\/","title":{"rendered":"Perfil"},"content":{"rendered":"<div class=\"es-auth js-es-auth content-font\">\n    \t    \t    <div class=\"es-auth__item es-auth__login-buttons \">\n\t        <h3 class=\"heading-font\">Ingresa o Registro<\/h3>\n\t\n\t        <p>para guardar tus casas favoritas y m\u00e1s<\/p>\n\t\n\t\t\t\t\t\t\t\n\t\n    <div class=\"es-space\"><\/div>\n\n    <\/div>\n\t    <div class=\"es-auth__item js-es-auth__login-form es-auth__login-form es-auth__item--hidden\">\n\t        <h3 class=\"heading-font\">Ingresa o Registro<\/h3>\n\t\n\t        <p>para guardar tus casas favoritas y m\u00e1s<\/p>\n\t\n    <div class=\"all-login-back\">\n        <a href=\"#\" data-auth-item=\"login-buttons\" class=\"js-es-auth-item__switcher\">\n            <span class=\"es-icon es-icon_chevron-left\"><\/span>All log in options        <\/a>\n    <\/div>\n\n    <form action=\"\" method=\"POST\">\n\t\t\n                               <div class='es-field es-field__es_user_login es-field--text '>\n                                   <label for='es_user_login-69fb508bea5a0'><span class='es-field__label'>Email<\/span><input id=\"es_user_login-69fb508bea5a0\" name=\"es_user_login\" class=\"es-field__input\" required=\"required\" autocomplete=\"username\" type=\"text\" value=\"\" \/><\/label>\n                               <\/div>\n                           \n                                   <div class='es-field es-field__es_user_password es-field--password '>\n                                       <label for='es_user_password-69fb508beae7b'><span class='es-field__label'>Password<\/span><div class='es-input__wrap'><input id=\"es_user_password-69fb508beae7b\" name=\"es_user_password\" class=\"es-field__input\" required=\"required\" autocomplete=\"current-password\" type=\"password\" value=\"\" \/><a href='#' aria-label='Show or Hide password' class='es-toggle-pwd js-es-toggle-pwd'><span class='es-icon es-icon_eye'><\/span><\/a><\/div><\/label>\n                                   <\/div>\n                                       <div class=\"forgot-pwd\">\n            <a href=\"#\" data-auth-item=\"reset-form\" class=\"js-es-auth-item__switcher\">Forgot password?<\/a>\n        <\/div>\n\n\t\t        <input type=\"hidden\" name=\"uniqid\" value=\"69fb508beaeb9\"\/>\n\t\t<input type=\"hidden\" id=\"es_auth_nonce_69fb508beaeb9\" name=\"es_auth_nonce_69fb508beaeb9\" value=\"948571089c\" \/><input type=\"hidden\" name=\"_wp_http_referer\" value=\"\/ca\/wp-json\/wp\/v2\/pages\/5869\" \/>\t            <button type=\"submit\" class=\"es-btn es-btn--primary js-es-btn--login es-btn--login\" disabled>Log in<\/button>\n    <\/form>\n\n\t    <div class=\"es-space\"><\/div>\n<\/div>\n\t    <div class=\"es-auth__item es-auth__reset-form es-auth__item--hidden\">\n    <h3 class=\"heading-font\">Reset password<\/h3>\n    <p>Enter your email address and we will send you a link to change your password.<\/p>\n\n    <form action=\"\" method=\"POST\">\n\t\t\n        <input type=\"hidden\" name=\"uniqid\" value=\"69fb508beafa6\"\/>\n\n\t\t\t\t\t\n                               <div class='es-field es-field__es_user_email es-field--email '>\n                                   <label for='es_user_email-69fb508beafaf'><span class='es-field__label'>Email<\/span><input id=\"es_user_email-69fb508beafaf\" name=\"es_user_email\" class=\"es-field__input\" required=\"required\" autocomplete=\"username\" type=\"email\" value=\"\" \/><\/label>\n                               <\/div>\n                           \t\t\t<input type=\"hidden\" id=\"es_retrieve_pwd_nonce_69fb508beafa6\" name=\"es_retrieve_pwd_nonce_69fb508beafa6\" value=\"331909f614\" \/><input type=\"hidden\" name=\"_wp_http_referer\" value=\"\/ca\/wp-json\/wp\/v2\/pages\/5869\" \/>\t\t\t            <button type=\"submit\" class=\"es-btn es-btn--primary es-btn--reset\">Send reset link<\/button>\n\t\t\n        <div><a href=\"#\" data-auth-item=\"login-buttons\" class=\"js-es-auth-item__switcher login-back\"><span class=\"es-icon es-icon_chevron-left\"><\/span>Back to login<\/a><\/div>\n    <\/form>\n    <div class=\"es-space\"><\/div>\n<\/div>\n\t    \t        \n    <\/div>\n\n","protected":false},"excerpt":{"rendered":"","protected":false},"author":1,"featured_media":0,"parent":0,"menu_order":0,"comment_status":"closed","ping_status":"closed","template":"","meta":{"site-sidebar-layout":"default","site-content-layout":"","ast-site-content-layout":"default","site-content-style":"default","site-sidebar-style":"default","ast-global-header-display":"","ast-banner-title-visibility":"","ast-main-header-display":"","ast-hfb-above-header-display":"","ast-hfb-below-header-display":"","ast-hfb-mobile-header-display":"","site-post-title":"","ast-breadcrumbs-content":"","ast-featured-img":"","footer-sml-layout":"","ast-disable-related-posts":"","theme-transparent-header-meta":"","adv-header-id-meta":"","stick-header-meta":"","header-above-stick-meta":"","header-main-stick-meta":"","header-below-stick-meta":"","astra-migrate-meta-layouts":"default","ast-page-background-enabled":"default","ast-page-background-meta":{"desktop":{"background-color":"var(--ast-global-color-4)","background-image":"","background-repeat":"repeat","background-position":"center center","background-size":"auto","background-attachment":"scroll","background-type":"","background-media":"","overlay-type":"","overlay-color":"","overlay-opacity":"","overlay-gradient":""},"tablet":{"background-color":"","background-image":"","background-repeat":"repeat","background-position":"center center","background-size":"auto","background-attachment":"scroll","background-type":"","background-media":"","overlay-type":"","overlay-color":"","overlay-opacity":"","overlay-gradient":""},"mobile":{"background-color":"","background-image":"","background-repeat":"repeat","background-position":"center center","background-size":"auto","background-attachment":"scroll","background-type":"","background-media":"","overlay-type":"","overlay-color":"","overlay-opacity":"","overlay-gradient":""}},"ast-content-background-meta":{"desktop":{"background-color":"var(--ast-global-color-5)","background-image":"","background-repeat":"repeat","background-position":"center center","background-size":"auto","background-attachment":"scroll","background-type":"","background-media":"","overlay-type":"","overlay-color":"","overlay-opacity":"","overlay-gradient":""},"tablet":{"background-color":"var(--ast-global-color-5)","background-image":"","background-repeat":"repeat","background-position":"center center","background-size":"auto","background-attachment":"scroll","background-type":"","background-media":"","overlay-type":"","overlay-color":"","overlay-opacity":"","overlay-gradient":""},"mobile":{"background-color":"var(--ast-global-color-5)","background-image":"","background-repeat":"repeat","background-position":"center center","background-size":"auto","background-attachment":"scroll","background-type":"","background-media":"","overlay-type":"","overlay-color":"","overlay-opacity":"","overlay-gradient":""}},"footnotes":""},"class_list":["post-5869","page","type-page","status-publish","hentry"],"yoast_head":"<!-- This site is optimized with the Yoast SEO plugin v27.2 - https:\/\/yoast.com\/product\/yoast-seo-wordpress\/ -->\n<title>Perfil - Fincas Giron<\/title>\n<meta name=\"robots\" content=\"index, follow, max-snippet:-1, max-image-preview:large, max-video-preview:-1\" \/>\n<link rel=\"canonical\" href=\"https:\/\/fincasgiron.com\/perfil\/\" \/>\n<meta property=\"og:locale\" content=\"ca_ES\" \/>\n<meta property=\"og:type\" content=\"article\" \/>\n<meta property=\"og:title\" content=\"Perfil - Fincas Giron\" \/>\n<meta property=\"og:url\" content=\"https:\/\/fincasgiron.com\/perfil\/\" \/>\n<meta property=\"og:site_name\" content=\"Fincas Giron\" \/>\n<meta property=\"article:publisher\" content=\"https:\/\/www.facebook.com\/FincasGiron\" \/>\n<meta property=\"article:modified_time\" content=\"2024-01-18T15:44:07+00:00\" \/>\n<meta name=\"twitter:card\" content=\"summary_large_image\" \/>\n<script type=\"application\/ld+json\" class=\"yoast-schema-graph\">{\"@context\":\"https:\/\/schema.org\",\"@graph\":[{\"@type\":\"WebPage\",\"@id\":\"https:\/\/fincasgiron.com\/perfil\/\",\"url\":\"https:\/\/fincasgiron.com\/perfil\/\",\"name\":\"Perfil - Fincas Giron\",\"isPartOf\":{\"@id\":\"https:\/\/fincasgiron.com\/#website\"},\"datePublished\":\"2023-10-11T14:21:24+00:00\",\"dateModified\":\"2024-01-18T15:44:07+00:00\",\"breadcrumb\":{\"@id\":\"https:\/\/fincasgiron.com\/perfil\/#breadcrumb\"},\"inLanguage\":\"ca\",\"potentialAction\":[{\"@type\":\"ReadAction\",\"target\":[\"https:\/\/fincasgiron.com\/perfil\/\"]}]},{\"@type\":\"BreadcrumbList\",\"@id\":\"https:\/\/fincasgiron.com\/perfil\/#breadcrumb\",\"itemListElement\":[{\"@type\":\"ListItem\",\"position\":1,\"name\":\"Portada\",\"item\":\"https:\/\/fincasgiron.com\/\"},{\"@type\":\"ListItem\",\"position\":2,\"name\":\"Perfil\"}]},{\"@type\":\"WebSite\",\"@id\":\"https:\/\/fincasgiron.com\/#website\",\"url\":\"https:\/\/fincasgiron.com\/\",\"name\":\"Fincas Giron\",\"description\":\"Gesti\u00f3n Inmobiliaria en el Alt Empord\u00e0. Tambi\u00e9n mantenimiento de piscinas, viviendas, jardines. Su mejor opci\u00f3n est\u00e1 en Fincas Gir\u00f3n.\",\"publisher\":{\"@id\":\"https:\/\/fincasgiron.com\/#organization\"},\"potentialAction\":[{\"@type\":\"SearchAction\",\"target\":{\"@type\":\"EntryPoint\",\"urlTemplate\":\"https:\/\/fincasgiron.com\/?s={search_term_string}\"},\"query-input\":{\"@type\":\"PropertyValueSpecification\",\"valueRequired\":true,\"valueName\":\"search_term_string\"}}],\"inLanguage\":\"ca\"},{\"@type\":\"Organization\",\"@id\":\"https:\/\/fincasgiron.com\/#organization\",\"name\":\"Fincas Giron\",\"url\":\"https:\/\/fincasgiron.com\/\",\"logo\":{\"@type\":\"ImageObject\",\"inLanguage\":\"ca\",\"@id\":\"https:\/\/fincasgiron.com\/#\/schema\/logo\/image\/\",\"url\":\"https:\/\/fincasgiron.com\/wp-content\/uploads\/2023\/10\/Logo-Fincas-Giron.png\",\"contentUrl\":\"https:\/\/fincasgiron.com\/wp-content\/uploads\/2023\/10\/Logo-Fincas-Giron.png\",\"width\":500,\"height\":96,\"caption\":\"Fincas Giron\"},\"image\":{\"@id\":\"https:\/\/fincasgiron.com\/#\/schema\/logo\/image\/\"},\"sameAs\":[\"https:\/\/www.facebook.com\/FincasGiron\",\"https:\/\/www.instagram.com\/FincasGiron\/\"]}]}<\/script>\n<!-- \/ Yoast SEO plugin. -->","yoast_head_json":{"title":"Perfil - Fincas Giron","robots":{"index":"index","follow":"follow","max-snippet":"max-snippet:-1","max-image-preview":"max-image-preview:large","max-video-preview":"max-video-preview:-1"},"canonical":"https:\/\/fincasgiron.com\/perfil\/","og_locale":"ca_ES","og_type":"article","og_title":"Perfil - Fincas Giron","og_url":"https:\/\/fincasgiron.com\/perfil\/","og_site_name":"Fincas Giron","article_publisher":"https:\/\/www.facebook.com\/FincasGiron","article_modified_time":"2024-01-18T15:44:07+00:00","twitter_card":"summary_large_image","schema":{"@context":"https:\/\/schema.org","@graph":[{"@type":"WebPage","@id":"https:\/\/fincasgiron.com\/perfil\/","url":"https:\/\/fincasgiron.com\/perfil\/","name":"Perfil - Fincas Giron","isPartOf":{"@id":"https:\/\/fincasgiron.com\/#website"},"datePublished":"2023-10-11T14:21:24+00:00","dateModified":"2024-01-18T15:44:07+00:00","breadcrumb":{"@id":"https:\/\/fincasgiron.com\/perfil\/#breadcrumb"},"inLanguage":"ca","potentialAction":[{"@type":"ReadAction","target":["https:\/\/fincasgiron.com\/perfil\/"]}]},{"@type":"BreadcrumbList","@id":"https:\/\/fincasgiron.com\/perfil\/#breadcrumb","itemListElement":[{"@type":"ListItem","position":1,"name":"Portada","item":"https:\/\/fincasgiron.com\/"},{"@type":"ListItem","position":2,"name":"Perfil"}]},{"@type":"WebSite","@id":"https:\/\/fincasgiron.com\/#website","url":"https:\/\/fincasgiron.com\/","name":"Fincas Giron","description":"Gesti\u00f3n Inmobiliaria en el Alt Empord\u00e0. Tambi\u00e9n mantenimiento de piscinas, viviendas, jardines. Su mejor opci\u00f3n est\u00e1 en Fincas Gir\u00f3n.","publisher":{"@id":"https:\/\/fincasgiron.com\/#organization"},"potentialAction":[{"@type":"SearchAction","target":{"@type":"EntryPoint","urlTemplate":"https:\/\/fincasgiron.com\/?s={search_term_string}"},"query-input":{"@type":"PropertyValueSpecification","valueRequired":true,"valueName":"search_term_string"}}],"inLanguage":"ca"},{"@type":"Organization","@id":"https:\/\/fincasgiron.com\/#organization","name":"Fincas Giron","url":"https:\/\/fincasgiron.com\/","logo":{"@type":"ImageObject","inLanguage":"ca","@id":"https:\/\/fincasgiron.com\/#\/schema\/logo\/image\/","url":"https:\/\/fincasgiron.com\/wp-content\/uploads\/2023\/10\/Logo-Fincas-Giron.png","contentUrl":"https:\/\/fincasgiron.com\/wp-content\/uploads\/2023\/10\/Logo-Fincas-Giron.png","width":500,"height":96,"caption":"Fincas Giron"},"image":{"@id":"https:\/\/fincasgiron.com\/#\/schema\/logo\/image\/"},"sameAs":["https:\/\/www.facebook.com\/FincasGiron","https:\/\/www.instagram.com\/FincasGiron\/"]}]}},"_links":{"self":[{"href":"https:\/\/fincasgiron.com\/ca\/wp-json\/wp\/v2\/pages\/5869","targetHints":{"allow":["GET"]}}],"collection":[{"href":"https:\/\/fincasgiron.com\/ca\/wp-json\/wp\/v2\/pages"}],"about":[{"href":"https:\/\/fincasgiron.com\/ca\/wp-json\/wp\/v2\/types\/page"}],"author":[{"embeddable":true,"href":"https:\/\/fincasgiron.com\/ca\/wp-json\/wp\/v2\/users\/1"}],"replies":[{"embeddable":true,"href":"https:\/\/fincasgiron.com\/ca\/wp-json\/wp\/v2\/comments?post=5869"}],"version-history":[{"count":0,"href":"https:\/\/fincasgiron.com\/ca\/wp-json\/wp\/v2\/pages\/5869\/revisions"}],"wp:attachment":[{"href":"https:\/\/fincasgiron.com\/ca\/wp-json\/wp\/v2\/media?parent=5869"}],"curies":[{"name":"wp","href":"https:\/\/api.w.org\/{rel}","templated":true}]}}