{"id":5899,"date":"2023-10-19T10:31:42","date_gmt":"2023-10-19T10:31:42","guid":{"rendered":"https:\/\/fincasgiron.com\/sobre-nosaltres\/"},"modified":"2024-01-23T14:27:39","modified_gmt":"2024-01-23T14:27:39","slug":"sobre-nosaltres","status":"publish","type":"page","link":"https:\/\/fincasgiron.com\/ca\/sobre-nosaltres\/","title":{"rendered":"Sobre nosaltres"},"content":{"rendered":"\t\t<div data-elementor-type=\"wp-page\" data-elementor-id=\"5899\" class=\"elementor elementor-5899 elementor-1014\" data-elementor-post-type=\"page\">\n\t\t\t\t<div class=\"elementor-element elementor-element-080cafd e-con-full e-flex e-con e-parent\" data-id=\"080cafd\" data-element_type=\"container\" data-e-type=\"container\" data-settings=\"{&quot;background_background&quot;:&quot;classic&quot;}\">\n\t\t<div class=\"elementor-element elementor-element-b1db5e9 e-flex e-con-boxed e-con e-child\" data-id=\"b1db5e9\" data-element_type=\"container\" data-e-type=\"container\">\n\t\t\t\t\t<div class=\"e-con-inner\">\n\t\t\t\t<div class=\"elementor-element elementor-element-056d745 elementor-widget elementor-widget-heading\" data-id=\"056d745\" data-element_type=\"widget\" data-e-type=\"widget\" data-widget_type=\"heading.default\">\n\t\t\t\t<div class=\"elementor-widget-container\">\n\t\t\t\t\t<h1 class=\"elementor-heading-title elementor-size-default\">Finques Giron - Experts Immobiliaris<\/h1>\t\t\t\t<\/div>\n\t\t\t\t<\/div>\n\t\t\t\t<div class=\"elementor-element elementor-element-8ddbb83 elementor-widget elementor-widget-text-editor\" data-id=\"8ddbb83\" data-element_type=\"widget\" data-e-type=\"widget\" data-widget_type=\"text-editor.default\">\n\t\t\t\t<div class=\"elementor-widget-container\">\n\t\t\t\t\t\t\t\t\t<p>A Fincas Giron proporcionem als nostres clients una \u00e0mplia varietat de propietats, des d&#8217;encantadores finques r\u00fastiques fins a modernes cases, acollidors apartaments, luxosos xalets, garatges i locals comercials. Sigui quina sigui la teva prefer\u00e8ncia, estem segurs que trobar\u00e0s la propietat perfecta per satisfer les teves necessitats.<\/p>\n\t\t\t\t\t\t\t\t<\/div>\n\t\t\t\t<\/div>\n\t\t\t\t\t<\/div>\n\t\t\t\t<\/div>\n\t\t\t\t<\/div>\n\t\t<div class=\"elementor-element elementor-element-f4e124a e-flex e-con-boxed e-con e-parent\" data-id=\"f4e124a\" data-element_type=\"container\" data-e-type=\"container\">\n\t\t\t\t\t<div class=\"e-con-inner\">\n\t\t\t\t<div class=\"elementor-element elementor-element-6436591 elementor-widget elementor-widget-text-editor\" data-id=\"6436591\" data-element_type=\"widget\" data-e-type=\"widget\" data-widget_type=\"text-editor.default\">\n\t\t\t\t<div class=\"elementor-widget-container\">\n\t\t\t\t\t\t\t\t\t<p>La <strong>Costa Brava<\/strong> \u00e9s una regi\u00f3 que ofereix una <strong>oferta immobili\u00e0ria<\/strong> excepcionalment diversa. Per satisfer les necessitats dels clients que busquen <strong>comprar el seu habitatge<\/strong> en aquesta bonica \u00e0rea, cal un profund coneixement del mercat local. A <strong>Fincas Giron<\/strong>, ens enorgulleix ser la teva ag\u00e8ncia <strong>immobili\u00e0ria de confian\u00e7a<\/strong> a la Costa Brava. Oferim un tracte proper i personalitzat que ens diferencia d&#8217;altres ag\u00e8ncies, ja que mantenim un contacte directe amb els nostres clients en tot moment.<\/p>\n<p>Si esteu a la recerca d&#8217;habitatges nous per comprar, <strong>pisos d&#8217;ocasi\u00f3<\/strong> o fins i tot us interessa el <strong>lloguer d&#8217;habitatges<\/strong> a la Costa Brava, us convidem a explorar el nostre extens cat\u00e0leg d&#8217;immobles. El nostre cat\u00e0leg inclou una \u00e0mplia varietat de propietats, des d&#8217;encantadores finques r\u00fastiques fins a modernes cases, acollidors apartaments, luxosos xalets, garatges i locals comercials. Sigui quina sigui la teva prefer\u00e8ncia, estem segurs que trobar\u00e0s la propietat perfecta per satisfer les teves necessitats.<\/p>\n<p>A <strong>Finques Giron<\/strong>, tamb\u00e9 t&#8217;oferim acc\u00e9s a promocions d&#8217;obra nova i habitatges en urbanitzacions privades amb jard\u00ed i piscina. Les nostres opcions al centre de la ciutat ofereixen vistes incomparables. Si busques una vida relaxada a la Costa Brava o un espai exclusiu al cor de la ciutat, tenim alguna cosa especial per a tu. Explora les nostres propietats amb encant, disseny modern i excel\u00b7lents comoditats que faran que la teva experi\u00e8ncia a la Costa Brava sigui inoblidable.<\/p>\n\t\t\t\t\t\t\t\t<\/div>\n\t\t\t\t<\/div>\n\t\t\t\t\t<\/div>\n\t\t\t\t<\/div>\n\t\t\t\t<\/div>\n\t\t","protected":false},"excerpt":{"rendered":"<p>Finques Giron &#8211; Experts Immobiliaris A Fincas Giron proporcionem als nostres clients una \u00e0mplia varietat de propietats, des d&#8217;encantadores finques r\u00fastiques fins a modernes cases, acollidors apartaments, luxosos xalets, garatges i locals comercials. Sigui quina sigui la teva prefer\u00e8ncia, estem segurs que trobar\u00e0s la propietat perfecta per satisfer les teves necessitats. La Costa Brava \u00e9s [&hellip;]<\/p>\n","protected":false},"author":1,"featured_media":0,"parent":0,"menu_order":0,"comment_status":"closed","ping_status":"closed","template":"","meta":{"site-sidebar-layout":"no-sidebar","site-content-layout":"","ast-site-content-layout":"full-width-container","site-content-style":"default","site-sidebar-style":"default","ast-global-header-display":"","ast-banner-title-visibility":"","ast-main-header-display":"","ast-hfb-above-header-display":"","ast-hfb-below-header-display":"","ast-hfb-mobile-header-display":"","site-post-title":"disabled","ast-breadcrumbs-content":"","ast-featured-img":"disabled","footer-sml-layout":"","ast-disable-related-posts":"","theme-transparent-header-meta":"default","adv-header-id-meta":"","stick-header-meta":"default","header-above-stick-meta":"","header-main-stick-meta":"","header-below-stick-meta":"","astra-migrate-meta-layouts":"set","ast-page-background-enabled":"default","ast-page-background-meta":{"desktop":{"background-color":"var(--ast-global-color-4)","background-image":"","background-repeat":"repeat","background-position":"center center","background-size":"auto","background-attachment":"scroll","background-type":"","background-media":"","overlay-type":"","overlay-color":"","overlay-opacity":"","overlay-gradient":""},"tablet":{"background-color":"","background-image":"","background-repeat":"repeat","background-position":"center center","background-size":"auto","background-attachment":"scroll","background-type":"","background-media":"","overlay-type":"","overlay-color":"","overlay-opacity":"","overlay-gradient":""},"mobile":{"background-color":"","background-image":"","background-repeat":"repeat","background-position":"center center","background-size":"auto","background-attachment":"scroll","background-type":"","background-media":"","overlay-type":"","overlay-color":"","overlay-opacity":"","overlay-gradient":""}},"ast-content-background-meta":{"desktop":{"background-color":"var(--ast-global-color-5)","background-image":"","background-repeat":"repeat","background-position":"center center","background-size":"auto","background-attachment":"scroll","background-type":"","background-media":"","overlay-type":"","overlay-color":"","overlay-opacity":"","overlay-gradient":""},"tablet":{"background-color":"var(--ast-global-color-5)","background-image":"","background-repeat":"repeat","background-position":"center center","background-size":"auto","background-attachment":"scroll","background-type":"","background-media":"","overlay-type":"","overlay-color":"","overlay-opacity":"","overlay-gradient":""},"mobile":{"background-color":"var(--ast-global-color-5)","background-image":"","background-repeat":"repeat","background-position":"center center","background-size":"auto","background-attachment":"scroll","background-type":"","background-media":"","overlay-type":"","overlay-color":"","overlay-opacity":"","overlay-gradient":""}},"footnotes":""},"class_list":["post-5899","page","type-page","status-publish","hentry"],"yoast_head":"<!-- This site is optimized with the Yoast SEO plugin v27.2 - https:\/\/yoast.com\/product\/yoast-seo-wordpress\/ -->\n<title>Sobre nosaltres - Fincas Giron<\/title>\n<meta name=\"robots\" content=\"index, follow, max-snippet:-1, max-image-preview:large, max-video-preview:-1\" \/>\n<link rel=\"canonical\" href=\"https:\/\/fincasgiron.com\/ca\/sobre-nosaltres\/\" \/>\n<meta property=\"og:locale\" content=\"ca_ES\" \/>\n<meta property=\"og:type\" content=\"article\" \/>\n<meta property=\"og:title\" content=\"Sobre nosaltres - Fincas Giron\" \/>\n<meta property=\"og:description\" content=\"Finques Giron &#8211; Experts Immobiliaris A Fincas Giron proporcionem als nostres clients una \u00e0mplia varietat de propietats, des d&#8217;encantadores finques r\u00fastiques fins a modernes cases, acollidors apartaments, luxosos xalets, garatges i locals comercials. Sigui quina sigui la teva prefer\u00e8ncia, estem segurs que trobar\u00e0s la propietat perfecta per satisfer les teves necessitats. La Costa Brava \u00e9s [&hellip;]\" \/>\n<meta property=\"og:url\" content=\"https:\/\/fincasgiron.com\/ca\/sobre-nosaltres\/\" \/>\n<meta property=\"og:site_name\" content=\"Fincas Giron\" \/>\n<meta property=\"article:publisher\" content=\"https:\/\/www.facebook.com\/FincasGiron\" \/>\n<meta property=\"article:modified_time\" content=\"2024-01-23T14:27:39+00:00\" \/>\n<meta name=\"twitter:card\" content=\"summary_large_image\" \/>\n<meta name=\"twitter:label1\" content=\"Temps estimat de lectura\" \/>\n\t<meta name=\"twitter:data1\" content=\"1 minut\" \/>\n<script type=\"application\/ld+json\" class=\"yoast-schema-graph\">{\"@context\":\"https:\/\/schema.org\",\"@graph\":[{\"@type\":\"WebPage\",\"@id\":\"https:\/\/fincasgiron.com\/ca\/sobre-nosaltres\/\",\"url\":\"https:\/\/fincasgiron.com\/ca\/sobre-nosaltres\/\",\"name\":\"Sobre nosaltres - Fincas Giron\",\"isPartOf\":{\"@id\":\"https:\/\/fincasgiron.com\/#website\"},\"datePublished\":\"2023-10-19T10:31:42+00:00\",\"dateModified\":\"2024-01-23T14:27:39+00:00\",\"breadcrumb\":{\"@id\":\"https:\/\/fincasgiron.com\/ca\/sobre-nosaltres\/#breadcrumb\"},\"inLanguage\":\"ca\",\"potentialAction\":[{\"@type\":\"ReadAction\",\"target\":[\"https:\/\/fincasgiron.com\/ca\/sobre-nosaltres\/\"]}]},{\"@type\":\"BreadcrumbList\",\"@id\":\"https:\/\/fincasgiron.com\/ca\/sobre-nosaltres\/#breadcrumb\",\"itemListElement\":[{\"@type\":\"ListItem\",\"position\":1,\"name\":\"Portada\",\"item\":\"https:\/\/fincasgiron.com\/\"},{\"@type\":\"ListItem\",\"position\":2,\"name\":\"Sobre nosaltres\"}]},{\"@type\":\"WebSite\",\"@id\":\"https:\/\/fincasgiron.com\/#website\",\"url\":\"https:\/\/fincasgiron.com\/\",\"name\":\"Fincas Giron\",\"description\":\"Gesti\u00f3n Inmobiliaria en el Alt Empord\u00e0. Tambi\u00e9n mantenimiento de piscinas, viviendas, jardines. Su mejor opci\u00f3n est\u00e1 en Fincas Gir\u00f3n.\",\"publisher\":{\"@id\":\"https:\/\/fincasgiron.com\/#organization\"},\"potentialAction\":[{\"@type\":\"SearchAction\",\"target\":{\"@type\":\"EntryPoint\",\"urlTemplate\":\"https:\/\/fincasgiron.com\/?s={search_term_string}\"},\"query-input\":{\"@type\":\"PropertyValueSpecification\",\"valueRequired\":true,\"valueName\":\"search_term_string\"}}],\"inLanguage\":\"ca\"},{\"@type\":\"Organization\",\"@id\":\"https:\/\/fincasgiron.com\/#organization\",\"name\":\"Fincas Giron\",\"url\":\"https:\/\/fincasgiron.com\/\",\"logo\":{\"@type\":\"ImageObject\",\"inLanguage\":\"ca\",\"@id\":\"https:\/\/fincasgiron.com\/#\/schema\/logo\/image\/\",\"url\":\"https:\/\/fincasgiron.com\/wp-content\/uploads\/2023\/10\/Logo-Fincas-Giron.png\",\"contentUrl\":\"https:\/\/fincasgiron.com\/wp-content\/uploads\/2023\/10\/Logo-Fincas-Giron.png\",\"width\":500,\"height\":96,\"caption\":\"Fincas Giron\"},\"image\":{\"@id\":\"https:\/\/fincasgiron.com\/#\/schema\/logo\/image\/\"},\"sameAs\":[\"https:\/\/www.facebook.com\/FincasGiron\",\"https:\/\/www.instagram.com\/FincasGiron\/\"]}]}<\/script>\n<!-- \/ Yoast SEO plugin. -->","yoast_head_json":{"title":"Sobre nosaltres - Fincas Giron","robots":{"index":"index","follow":"follow","max-snippet":"max-snippet:-1","max-image-preview":"max-image-preview:large","max-video-preview":"max-video-preview:-1"},"canonical":"https:\/\/fincasgiron.com\/ca\/sobre-nosaltres\/","og_locale":"ca_ES","og_type":"article","og_title":"Sobre nosaltres - Fincas Giron","og_description":"Finques Giron &#8211; Experts Immobiliaris A Fincas Giron proporcionem als nostres clients una \u00e0mplia varietat de propietats, des d&#8217;encantadores finques r\u00fastiques fins a modernes cases, acollidors apartaments, luxosos xalets, garatges i locals comercials. Sigui quina sigui la teva prefer\u00e8ncia, estem segurs que trobar\u00e0s la propietat perfecta per satisfer les teves necessitats. La Costa Brava \u00e9s [&hellip;]","og_url":"https:\/\/fincasgiron.com\/ca\/sobre-nosaltres\/","og_site_name":"Fincas Giron","article_publisher":"https:\/\/www.facebook.com\/FincasGiron","article_modified_time":"2024-01-23T14:27:39+00:00","twitter_card":"summary_large_image","twitter_misc":{"Temps estimat de lectura":"1 minut"},"schema":{"@context":"https:\/\/schema.org","@graph":[{"@type":"WebPage","@id":"https:\/\/fincasgiron.com\/ca\/sobre-nosaltres\/","url":"https:\/\/fincasgiron.com\/ca\/sobre-nosaltres\/","name":"Sobre nosaltres - Fincas Giron","isPartOf":{"@id":"https:\/\/fincasgiron.com\/#website"},"datePublished":"2023-10-19T10:31:42+00:00","dateModified":"2024-01-23T14:27:39+00:00","breadcrumb":{"@id":"https:\/\/fincasgiron.com\/ca\/sobre-nosaltres\/#breadcrumb"},"inLanguage":"ca","potentialAction":[{"@type":"ReadAction","target":["https:\/\/fincasgiron.com\/ca\/sobre-nosaltres\/"]}]},{"@type":"BreadcrumbList","@id":"https:\/\/fincasgiron.com\/ca\/sobre-nosaltres\/#breadcrumb","itemListElement":[{"@type":"ListItem","position":1,"name":"Portada","item":"https:\/\/fincasgiron.com\/"},{"@type":"ListItem","position":2,"name":"Sobre nosaltres"}]},{"@type":"WebSite","@id":"https:\/\/fincasgiron.com\/#website","url":"https:\/\/fincasgiron.com\/","name":"Fincas Giron","description":"Gesti\u00f3n Inmobiliaria en el Alt Empord\u00e0. Tambi\u00e9n mantenimiento de piscinas, viviendas, jardines. Su mejor opci\u00f3n est\u00e1 en Fincas Gir\u00f3n.","publisher":{"@id":"https:\/\/fincasgiron.com\/#organization"},"potentialAction":[{"@type":"SearchAction","target":{"@type":"EntryPoint","urlTemplate":"https:\/\/fincasgiron.com\/?s={search_term_string}"},"query-input":{"@type":"PropertyValueSpecification","valueRequired":true,"valueName":"search_term_string"}}],"inLanguage":"ca"},{"@type":"Organization","@id":"https:\/\/fincasgiron.com\/#organization","name":"Fincas Giron","url":"https:\/\/fincasgiron.com\/","logo":{"@type":"ImageObject","inLanguage":"ca","@id":"https:\/\/fincasgiron.com\/#\/schema\/logo\/image\/","url":"https:\/\/fincasgiron.com\/wp-content\/uploads\/2023\/10\/Logo-Fincas-Giron.png","contentUrl":"https:\/\/fincasgiron.com\/wp-content\/uploads\/2023\/10\/Logo-Fincas-Giron.png","width":500,"height":96,"caption":"Fincas Giron"},"image":{"@id":"https:\/\/fincasgiron.com\/#\/schema\/logo\/image\/"},"sameAs":["https:\/\/www.facebook.com\/FincasGiron","https:\/\/www.instagram.com\/FincasGiron\/"]}]}},"_links":{"self":[{"href":"https:\/\/fincasgiron.com\/ca\/wp-json\/wp\/v2\/pages\/5899","targetHints":{"allow":["GET"]}}],"collection":[{"href":"https:\/\/fincasgiron.com\/ca\/wp-json\/wp\/v2\/pages"}],"about":[{"href":"https:\/\/fincasgiron.com\/ca\/wp-json\/wp\/v2\/types\/page"}],"author":[{"embeddable":true,"href":"https:\/\/fincasgiron.com\/ca\/wp-json\/wp\/v2\/users\/1"}],"replies":[{"embeddable":true,"href":"https:\/\/fincasgiron.com\/ca\/wp-json\/wp\/v2\/comments?post=5899"}],"version-history":[{"count":1,"href":"https:\/\/fincasgiron.com\/ca\/wp-json\/wp\/v2\/pages\/5899\/revisions"}],"predecessor-version":[{"id":6040,"href":"https:\/\/fincasgiron.com\/ca\/wp-json\/wp\/v2\/pages\/5899\/revisions\/6040"}],"wp:attachment":[{"href":"https:\/\/fincasgiron.com\/ca\/wp-json\/wp\/v2\/media?parent=5899"}],"curies":[{"name":"wp","href":"https:\/\/api.w.org\/{rel}","templated":true}]}}