{"id":6190,"date":"2023-10-19T10:31:42","date_gmt":"2023-10-19T10:31:42","guid":{"rendered":"https:\/\/fincasgiron.com\/about-us\/"},"modified":"2024-01-26T14:40:02","modified_gmt":"2024-01-26T14:40:02","slug":"about-us","status":"publish","type":"page","link":"https:\/\/fincasgiron.com\/en\/about-us\/","title":{"rendered":"About us"},"content":{"rendered":"\t\t<div data-elementor-type=\"wp-page\" data-elementor-id=\"6190\" class=\"elementor elementor-6190 elementor-1014\" data-elementor-post-type=\"page\">\n\t\t\t\t<div class=\"elementor-element elementor-element-080cafd e-con-full e-flex e-con e-parent\" data-id=\"080cafd\" data-element_type=\"container\" data-e-type=\"container\" data-settings=\"{&quot;background_background&quot;:&quot;classic&quot;}\">\n\t\t<div class=\"elementor-element elementor-element-b1db5e9 e-flex e-con-boxed e-con e-child\" data-id=\"b1db5e9\" data-element_type=\"container\" data-e-type=\"container\">\n\t\t\t\t\t<div class=\"e-con-inner\">\n\t\t\t\t<div class=\"elementor-element elementor-element-056d745 elementor-widget elementor-widget-heading\" data-id=\"056d745\" data-element_type=\"widget\" data-e-type=\"widget\" data-widget_type=\"heading.default\">\n\t\t\t\t<div class=\"elementor-widget-container\">\n\t\t\t\t\t<h1 class=\"elementor-heading-title elementor-size-default\">Fincas Giron - Real Estate Experts<\/h1>\t\t\t\t<\/div>\n\t\t\t\t<\/div>\n\t\t\t\t<div class=\"elementor-element elementor-element-8ddbb83 elementor-widget elementor-widget-text-editor\" data-id=\"8ddbb83\" data-element_type=\"widget\" data-e-type=\"widget\" data-widget_type=\"text-editor.default\">\n\t\t\t\t<div class=\"elementor-widget-container\">\n\t\t\t\t\t\t\t\t\t<p>At Fincas Giron we provide our clients with a wide variety of properties, from charming rustic properties to modern houses, cozy apartments, luxurious chalets, garages and commercial premises. Whatever your preference, we are sure you will find the perfect property to meet your needs.<\/p>\n\t\t\t\t\t\t\t\t<\/div>\n\t\t\t\t<\/div>\n\t\t\t\t\t<\/div>\n\t\t\t\t<\/div>\n\t\t\t\t<\/div>\n\t\t<div class=\"elementor-element elementor-element-f4e124a e-flex e-con-boxed e-con e-parent\" data-id=\"f4e124a\" data-element_type=\"container\" data-e-type=\"container\">\n\t\t\t\t\t<div class=\"e-con-inner\">\n\t\t\t\t<div class=\"elementor-element elementor-element-6436591 elementor-widget elementor-widget-text-editor\" data-id=\"6436591\" data-element_type=\"widget\" data-e-type=\"widget\" data-widget_type=\"text-editor.default\">\n\t\t\t\t<div class=\"elementor-widget-container\">\n\t\t\t\t\t\t\t\t\t<p>The <strong>Costa Brava<\/strong> is a region that offers an exceptionally diverse <strong>real estate offer<\/strong>. To meet the needs of clients looking to <strong>purchase their home<\/strong> in this beautiful area, a deep knowledge of the local market is required. At <strong>Fincas Giron<\/strong>, we are proud to be <strong>your trusted real estate agency<\/strong> on the Costa Brava. We offer a close and personalized treatment that differentiates us from other agencies, since we maintain direct contact with our clients at all times.<\/p>\n<p>If you are looking for <strong>new homes to buy<\/strong>, second-hand apartments or are interested in <strong>renting homes<\/strong> on the Costa Brava, we invite you to explore our extensive catalog of properties. Our catalog includes a wide variety of properties, from charming rustic properties to modern houses, cozy apartments, luxurious chalets, garages and commercial premises. Whatever your preference, we are sure you will find the perfect property to meet your needs.<\/p>\n<p>At <strong>Fincas Giron<\/strong>, we also give you access to new construction promotions and homes in private urbanizations with gardens and pools. Our downtown options offer unparalleled views. If you are looking for a relaxed life on the Costa Brava or an exclusive space in the heart of the city, we have something special for you. Explore our properties with charm, modern design and excellent amenities that will make your experience on the Costa Brava unforgettable.<\/p>\n\t\t\t\t\t\t\t\t<\/div>\n\t\t\t\t<\/div>\n\t\t\t\t\t<\/div>\n\t\t\t\t<\/div>\n\t\t\t\t<\/div>\n\t\t","protected":false},"excerpt":{"rendered":"<p>Fincas Giron &#8211; Real Estate Experts At Fincas Giron we provide our clients with a wide variety of properties, from charming rustic properties to modern houses, cozy apartments, luxurious chalets, garages and commercial premises. Whatever your preference, we are sure you will find the perfect property to meet your needs. The Costa Brava is a [&hellip;]<\/p>\n","protected":false},"author":1,"featured_media":0,"parent":0,"menu_order":0,"comment_status":"closed","ping_status":"closed","template":"","meta":{"site-sidebar-layout":"no-sidebar","site-content-layout":"","ast-site-content-layout":"full-width-container","site-content-style":"default","site-sidebar-style":"default","ast-global-header-display":"","ast-banner-title-visibility":"","ast-main-header-display":"","ast-hfb-above-header-display":"","ast-hfb-below-header-display":"","ast-hfb-mobile-header-display":"","site-post-title":"disabled","ast-breadcrumbs-content":"","ast-featured-img":"disabled","footer-sml-layout":"","ast-disable-related-posts":"","theme-transparent-header-meta":"default","adv-header-id-meta":"","stick-header-meta":"default","header-above-stick-meta":"","header-main-stick-meta":"","header-below-stick-meta":"","astra-migrate-meta-layouts":"set","ast-page-background-enabled":"default","ast-page-background-meta":{"desktop":{"background-color":"var(--ast-global-color-4)","background-image":"","background-repeat":"repeat","background-position":"center center","background-size":"auto","background-attachment":"scroll","background-type":"","background-media":"","overlay-type":"","overlay-color":"","overlay-opacity":"","overlay-gradient":""},"tablet":{"background-color":"","background-image":"","background-repeat":"repeat","background-position":"center center","background-size":"auto","background-attachment":"scroll","background-type":"","background-media":"","overlay-type":"","overlay-color":"","overlay-opacity":"","overlay-gradient":""},"mobile":{"background-color":"","background-image":"","background-repeat":"repeat","background-position":"center center","background-size":"auto","background-attachment":"scroll","background-type":"","background-media":"","overlay-type":"","overlay-color":"","overlay-opacity":"","overlay-gradient":""}},"ast-content-background-meta":{"desktop":{"background-color":"var(--ast-global-color-5)","background-image":"","background-repeat":"repeat","background-position":"center center","background-size":"auto","background-attachment":"scroll","background-type":"","background-media":"","overlay-type":"","overlay-color":"","overlay-opacity":"","overlay-gradient":""},"tablet":{"background-color":"var(--ast-global-color-5)","background-image":"","background-repeat":"repeat","background-position":"center center","background-size":"auto","background-attachment":"scroll","background-type":"","background-media":"","overlay-type":"","overlay-color":"","overlay-opacity":"","overlay-gradient":""},"mobile":{"background-color":"var(--ast-global-color-5)","background-image":"","background-repeat":"repeat","background-position":"center center","background-size":"auto","background-attachment":"scroll","background-type":"","background-media":"","overlay-type":"","overlay-color":"","overlay-opacity":"","overlay-gradient":""}},"footnotes":""},"class_list":["post-6190","page","type-page","status-publish","hentry"],"yoast_head":"<!-- This site is optimized with the Yoast SEO plugin v27.2 - https:\/\/yoast.com\/product\/yoast-seo-wordpress\/ -->\n<title>About us - Fincas Giron<\/title>\n<meta name=\"robots\" content=\"index, follow, max-snippet:-1, max-image-preview:large, max-video-preview:-1\" \/>\n<link rel=\"canonical\" href=\"https:\/\/fincasgiron.com\/en\/about-us\/\" \/>\n<meta property=\"og:locale\" content=\"en_US\" \/>\n<meta property=\"og:type\" content=\"article\" \/>\n<meta property=\"og:title\" content=\"About us - Fincas Giron\" \/>\n<meta property=\"og:description\" content=\"Fincas Giron &#8211; Real Estate Experts At Fincas Giron we provide our clients with a wide variety of properties, from charming rustic properties to modern houses, cozy apartments, luxurious chalets, garages and commercial premises. Whatever your preference, we are sure you will find the perfect property to meet your needs. The Costa Brava is a [&hellip;]\" \/>\n<meta property=\"og:url\" content=\"https:\/\/fincasgiron.com\/en\/about-us\/\" \/>\n<meta property=\"og:site_name\" content=\"Fincas Giron\" \/>\n<meta property=\"article:publisher\" content=\"https:\/\/www.facebook.com\/FincasGiron\" \/>\n<meta property=\"article:modified_time\" content=\"2024-01-26T14:40:02+00:00\" \/>\n<meta name=\"twitter:card\" content=\"summary_large_image\" \/>\n<meta name=\"twitter:label1\" content=\"Est. reading time\" \/>\n\t<meta name=\"twitter:data1\" content=\"1 minute\" \/>\n<script type=\"application\/ld+json\" class=\"yoast-schema-graph\">{\"@context\":\"https:\/\/schema.org\",\"@graph\":[{\"@type\":\"WebPage\",\"@id\":\"https:\/\/fincasgiron.com\/en\/about-us\/\",\"url\":\"https:\/\/fincasgiron.com\/en\/about-us\/\",\"name\":\"About us - Fincas Giron\",\"isPartOf\":{\"@id\":\"https:\/\/fincasgiron.com\/#website\"},\"datePublished\":\"2023-10-19T10:31:42+00:00\",\"dateModified\":\"2024-01-26T14:40:02+00:00\",\"breadcrumb\":{\"@id\":\"https:\/\/fincasgiron.com\/en\/about-us\/#breadcrumb\"},\"inLanguage\":\"en-US\",\"potentialAction\":[{\"@type\":\"ReadAction\",\"target\":[\"https:\/\/fincasgiron.com\/en\/about-us\/\"]}]},{\"@type\":\"BreadcrumbList\",\"@id\":\"https:\/\/fincasgiron.com\/en\/about-us\/#breadcrumb\",\"itemListElement\":[{\"@type\":\"ListItem\",\"position\":1,\"name\":\"Portada\",\"item\":\"https:\/\/fincasgiron.com\/\"},{\"@type\":\"ListItem\",\"position\":2,\"name\":\"About us\"}]},{\"@type\":\"WebSite\",\"@id\":\"https:\/\/fincasgiron.com\/#website\",\"url\":\"https:\/\/fincasgiron.com\/\",\"name\":\"Fincas Giron\",\"description\":\"Gesti\u00f3n Inmobiliaria en el Alt Empord\u00e0. Tambi\u00e9n mantenimiento de piscinas, viviendas, jardines. Su mejor opci\u00f3n est\u00e1 en Fincas Gir\u00f3n.\",\"publisher\":{\"@id\":\"https:\/\/fincasgiron.com\/#organization\"},\"potentialAction\":[{\"@type\":\"SearchAction\",\"target\":{\"@type\":\"EntryPoint\",\"urlTemplate\":\"https:\/\/fincasgiron.com\/?s={search_term_string}\"},\"query-input\":{\"@type\":\"PropertyValueSpecification\",\"valueRequired\":true,\"valueName\":\"search_term_string\"}}],\"inLanguage\":\"en-US\"},{\"@type\":\"Organization\",\"@id\":\"https:\/\/fincasgiron.com\/#organization\",\"name\":\"Fincas Giron\",\"url\":\"https:\/\/fincasgiron.com\/\",\"logo\":{\"@type\":\"ImageObject\",\"inLanguage\":\"en-US\",\"@id\":\"https:\/\/fincasgiron.com\/#\/schema\/logo\/image\/\",\"url\":\"https:\/\/fincasgiron.com\/wp-content\/uploads\/2023\/10\/Logo-Fincas-Giron.png\",\"contentUrl\":\"https:\/\/fincasgiron.com\/wp-content\/uploads\/2023\/10\/Logo-Fincas-Giron.png\",\"width\":500,\"height\":96,\"caption\":\"Fincas Giron\"},\"image\":{\"@id\":\"https:\/\/fincasgiron.com\/#\/schema\/logo\/image\/\"},\"sameAs\":[\"https:\/\/www.facebook.com\/FincasGiron\",\"https:\/\/www.instagram.com\/FincasGiron\/\"]}]}<\/script>\n<!-- \/ Yoast SEO plugin. -->","yoast_head_json":{"title":"About us - Fincas Giron","robots":{"index":"index","follow":"follow","max-snippet":"max-snippet:-1","max-image-preview":"max-image-preview:large","max-video-preview":"max-video-preview:-1"},"canonical":"https:\/\/fincasgiron.com\/en\/about-us\/","og_locale":"en_US","og_type":"article","og_title":"About us - Fincas Giron","og_description":"Fincas Giron &#8211; Real Estate Experts At Fincas Giron we provide our clients with a wide variety of properties, from charming rustic properties to modern houses, cozy apartments, luxurious chalets, garages and commercial premises. Whatever your preference, we are sure you will find the perfect property to meet your needs. The Costa Brava is a [&hellip;]","og_url":"https:\/\/fincasgiron.com\/en\/about-us\/","og_site_name":"Fincas Giron","article_publisher":"https:\/\/www.facebook.com\/FincasGiron","article_modified_time":"2024-01-26T14:40:02+00:00","twitter_card":"summary_large_image","twitter_misc":{"Est. reading time":"1 minute"},"schema":{"@context":"https:\/\/schema.org","@graph":[{"@type":"WebPage","@id":"https:\/\/fincasgiron.com\/en\/about-us\/","url":"https:\/\/fincasgiron.com\/en\/about-us\/","name":"About us - Fincas Giron","isPartOf":{"@id":"https:\/\/fincasgiron.com\/#website"},"datePublished":"2023-10-19T10:31:42+00:00","dateModified":"2024-01-26T14:40:02+00:00","breadcrumb":{"@id":"https:\/\/fincasgiron.com\/en\/about-us\/#breadcrumb"},"inLanguage":"en-US","potentialAction":[{"@type":"ReadAction","target":["https:\/\/fincasgiron.com\/en\/about-us\/"]}]},{"@type":"BreadcrumbList","@id":"https:\/\/fincasgiron.com\/en\/about-us\/#breadcrumb","itemListElement":[{"@type":"ListItem","position":1,"name":"Portada","item":"https:\/\/fincasgiron.com\/"},{"@type":"ListItem","position":2,"name":"About us"}]},{"@type":"WebSite","@id":"https:\/\/fincasgiron.com\/#website","url":"https:\/\/fincasgiron.com\/","name":"Fincas Giron","description":"Gesti\u00f3n Inmobiliaria en el Alt Empord\u00e0. Tambi\u00e9n mantenimiento de piscinas, viviendas, jardines. Su mejor opci\u00f3n est\u00e1 en Fincas Gir\u00f3n.","publisher":{"@id":"https:\/\/fincasgiron.com\/#organization"},"potentialAction":[{"@type":"SearchAction","target":{"@type":"EntryPoint","urlTemplate":"https:\/\/fincasgiron.com\/?s={search_term_string}"},"query-input":{"@type":"PropertyValueSpecification","valueRequired":true,"valueName":"search_term_string"}}],"inLanguage":"en-US"},{"@type":"Organization","@id":"https:\/\/fincasgiron.com\/#organization","name":"Fincas Giron","url":"https:\/\/fincasgiron.com\/","logo":{"@type":"ImageObject","inLanguage":"en-US","@id":"https:\/\/fincasgiron.com\/#\/schema\/logo\/image\/","url":"https:\/\/fincasgiron.com\/wp-content\/uploads\/2023\/10\/Logo-Fincas-Giron.png","contentUrl":"https:\/\/fincasgiron.com\/wp-content\/uploads\/2023\/10\/Logo-Fincas-Giron.png","width":500,"height":96,"caption":"Fincas Giron"},"image":{"@id":"https:\/\/fincasgiron.com\/#\/schema\/logo\/image\/"},"sameAs":["https:\/\/www.facebook.com\/FincasGiron","https:\/\/www.instagram.com\/FincasGiron\/"]}]}},"_links":{"self":[{"href":"https:\/\/fincasgiron.com\/en\/wp-json\/wp\/v2\/pages\/6190","targetHints":{"allow":["GET"]}}],"collection":[{"href":"https:\/\/fincasgiron.com\/en\/wp-json\/wp\/v2\/pages"}],"about":[{"href":"https:\/\/fincasgiron.com\/en\/wp-json\/wp\/v2\/types\/page"}],"author":[{"embeddable":true,"href":"https:\/\/fincasgiron.com\/en\/wp-json\/wp\/v2\/users\/1"}],"replies":[{"embeddable":true,"href":"https:\/\/fincasgiron.com\/en\/wp-json\/wp\/v2\/comments?post=6190"}],"version-history":[{"count":3,"href":"https:\/\/fincasgiron.com\/en\/wp-json\/wp\/v2\/pages\/6190\/revisions"}],"predecessor-version":[{"id":6193,"href":"https:\/\/fincasgiron.com\/en\/wp-json\/wp\/v2\/pages\/6190\/revisions\/6193"}],"wp:attachment":[{"href":"https:\/\/fincasgiron.com\/en\/wp-json\/wp\/v2\/media?parent=6190"}],"curies":[{"name":"wp","href":"https:\/\/api.w.org\/{rel}","templated":true}]}}