{"id":6055,"date":"2023-10-16T10:17:31","date_gmt":"2023-10-16T10:17:31","guid":{"rendered":"https:\/\/fincasgiron.com\/contact\/"},"modified":"2024-01-26T14:15:03","modified_gmt":"2024-01-26T14:15:03","slug":"contact","status":"publish","type":"page","link":"https:\/\/fincasgiron.com\/fr\/contact\/","title":{"rendered":"Contact"},"content":{"rendered":"\t\t<div data-elementor-type=\"wp-page\" data-elementor-id=\"6055\" class=\"elementor elementor-6055 elementor-39\" data-elementor-post-type=\"page\">\n\t\t\t\t<div class=\"elementor-element elementor-element-a1f2925 e-flex e-con-boxed e-con e-parent\" data-id=\"a1f2925\" data-element_type=\"container\" data-e-type=\"container\">\n\t\t\t\t\t<div class=\"e-con-inner\">\n\t\t\t\t<div class=\"elementor-element elementor-element-662a0a0 elementor-widget elementor-widget-text-editor\" data-id=\"662a0a0\" data-element_type=\"widget\" data-e-type=\"widget\" data-widget_type=\"text-editor.default\">\n\t\t\t\t<div class=\"elementor-widget-container\">\n\t\t\t\t\t\t\t\t\t<p>Contactez-nous pour r\u00e9soudre toutes vos questions. Nous vous r\u00e9pondrons d\u00e8s que possible.<\/p>\n\t\t\t\t\t\t\t\t<\/div>\n\t\t\t\t<\/div>\n\t\t\t\t\t<\/div>\n\t\t\t\t<\/div>\n\t\t<div class=\"elementor-element elementor-element-388e177 e-flex e-con-boxed e-con e-parent\" data-id=\"388e177\" data-element_type=\"container\" data-e-type=\"container\">\n\t\t\t\t\t<div class=\"e-con-inner\">\n\t\t\t\t<div class=\"elementor-element elementor-element-561dcf7 elementor-widget elementor-widget-shortcode\" data-id=\"561dcf7\" data-element_type=\"widget\" data-e-type=\"widget\" data-widget_type=\"shortcode.default\">\n\t\t\t\t<div class=\"elementor-widget-container\">\n\t\t\t\t\t\t\t<div class=\"elementor-shortcode\"><p class=\"wpcf7-contact-form-not-found\"><strong>Erreur\u00a0:<\/strong> Formulaire de contact non trouv\u00e9\u00a0!<\/p><\/div>\n\t\t\t\t\t\t<\/div>\n\t\t\t\t<\/div>\n\t\t\t\t\t<\/div>\n\t\t\t\t<\/div>\n\t\t\t\t<\/div>\n\t\t","protected":false},"excerpt":{"rendered":"<p>Contactez-nous pour r\u00e9soudre toutes vos questions. Nous vous r\u00e9pondrons d\u00e8s que possible.<\/p>\n","protected":false},"author":1,"featured_media":0,"parent":0,"menu_order":0,"comment_status":"closed","ping_status":"closed","template":"","meta":{"site-sidebar-layout":"no-sidebar","site-content-layout":"","ast-site-content-layout":"full-width-container","site-content-style":"default","site-sidebar-style":"default","ast-global-header-display":"","ast-banner-title-visibility":"","ast-main-header-display":"","ast-hfb-above-header-display":"","ast-hfb-below-header-display":"","ast-hfb-mobile-header-display":"","site-post-title":"disabled","ast-breadcrumbs-content":"","ast-featured-img":"disabled","footer-sml-layout":"","ast-disable-related-posts":"","theme-transparent-header-meta":"default","adv-header-id-meta":"289","stick-header-meta":"default","header-above-stick-meta":"","header-main-stick-meta":"","header-below-stick-meta":"","astra-migrate-meta-layouts":"set","ast-page-background-enabled":"default","ast-page-background-meta":{"desktop":{"background-color":"var(--ast-global-color-4)","background-image":"","background-repeat":"repeat","background-position":"center center","background-size":"auto","background-attachment":"scroll","background-type":"","background-media":"","overlay-type":"","overlay-color":"","overlay-opacity":"","overlay-gradient":""},"tablet":{"background-color":"","background-image":"","background-repeat":"repeat","background-position":"center center","background-size":"auto","background-attachment":"scroll","background-type":"","background-media":"","overlay-type":"","overlay-color":"","overlay-opacity":"","overlay-gradient":""},"mobile":{"background-color":"","background-image":"","background-repeat":"repeat","background-position":"center center","background-size":"auto","background-attachment":"scroll","background-type":"","background-media":"","overlay-type":"","overlay-color":"","overlay-opacity":"","overlay-gradient":""}},"ast-content-background-meta":{"desktop":{"background-color":"var(--ast-global-color-5)","background-image":"","background-repeat":"repeat","background-position":"center center","background-size":"auto","background-attachment":"scroll","background-type":"","background-media":"","overlay-type":"","overlay-color":"","overlay-opacity":"","overlay-gradient":""},"tablet":{"background-color":"var(--ast-global-color-5)","background-image":"","background-repeat":"repeat","background-position":"center center","background-size":"auto","background-attachment":"scroll","background-type":"","background-media":"","overlay-type":"","overlay-color":"","overlay-opacity":"","overlay-gradient":""},"mobile":{"background-color":"var(--ast-global-color-5)","background-image":"","background-repeat":"repeat","background-position":"center center","background-size":"auto","background-attachment":"scroll","background-type":"","background-media":"","overlay-type":"","overlay-color":"","overlay-opacity":"","overlay-gradient":""}},"footnotes":""},"class_list":["post-6055","page","type-page","status-publish","hentry"],"yoast_head":"<!-- This site is optimized with the Yoast SEO plugin v27.2 - https:\/\/yoast.com\/product\/yoast-seo-wordpress\/ -->\n<title>Contact - Fincas Giron, Gestion Immobili\u00e8re sur la Costa Brava<\/title>\n<meta name=\"description\" content=\"Chez Fincas Giron, vous trouverez les meilleures propositions immobili\u00e8res. Notre objectif est d&#039;offrir un service de qualit\u00e9 et professionnel.\" \/>\n<meta name=\"robots\" content=\"index, follow, max-snippet:-1, max-image-preview:large, max-video-preview:-1\" \/>\n<link rel=\"canonical\" href=\"https:\/\/fincasgiron.com\/contacto\/\" \/>\n<meta property=\"og:locale\" content=\"fr_FR\" \/>\n<meta property=\"og:type\" content=\"article\" \/>\n<meta property=\"og:title\" content=\"Contact - Fincas Giron, Gestion Immobili\u00e8re sur la Costa Brava\" \/>\n<meta property=\"og:description\" content=\"Chez Fincas Giron, vous trouverez les meilleures propositions immobili\u00e8res. Notre objectif est d&#039;offrir un service de qualit\u00e9 et professionnel.\" \/>\n<meta property=\"og:url\" content=\"https:\/\/fincasgiron.com\/contacto\/\" \/>\n<meta property=\"og:site_name\" content=\"Fincas Giron\" \/>\n<meta property=\"article:publisher\" content=\"https:\/\/www.facebook.com\/FincasGiron\" \/>\n<meta property=\"article:modified_time\" content=\"2024-01-26T14:15:03+00:00\" \/>\n<meta name=\"twitter:card\" content=\"summary_large_image\" \/>\n<meta name=\"twitter:label1\" content=\"Dur\u00e9e de lecture estim\u00e9e\" \/>\n\t<meta name=\"twitter:data1\" content=\"1 minute\" \/>\n<script type=\"application\/ld+json\" class=\"yoast-schema-graph\">{\"@context\":\"https:\/\/schema.org\",\"@graph\":[{\"@type\":\"WebPage\",\"@id\":\"https:\/\/fincasgiron.com\/contacto\/\",\"url\":\"https:\/\/fincasgiron.com\/contacto\/\",\"name\":\"Contact - Fincas Giron, Gestion Immobili\u00e8re sur la Costa Brava\",\"isPartOf\":{\"@id\":\"https:\/\/fincasgiron.com\/#website\"},\"datePublished\":\"2023-10-16T10:17:31+00:00\",\"dateModified\":\"2024-01-26T14:15:03+00:00\",\"description\":\"Chez Fincas Giron, vous trouverez les meilleures propositions immobili\u00e8res. Notre objectif est d'offrir un service de qualit\u00e9 et professionnel.\",\"breadcrumb\":{\"@id\":\"https:\/\/fincasgiron.com\/contacto\/#breadcrumb\"},\"inLanguage\":\"fr-FR\",\"potentialAction\":[{\"@type\":\"ReadAction\",\"target\":[\"https:\/\/fincasgiron.com\/contacto\/\"]}]},{\"@type\":\"BreadcrumbList\",\"@id\":\"https:\/\/fincasgiron.com\/contacto\/#breadcrumb\",\"itemListElement\":[{\"@type\":\"ListItem\",\"position\":1,\"name\":\"Portada\",\"item\":\"https:\/\/fincasgiron.com\/\"},{\"@type\":\"ListItem\",\"position\":2,\"name\":\"Contact\"}]},{\"@type\":\"WebSite\",\"@id\":\"https:\/\/fincasgiron.com\/#website\",\"url\":\"https:\/\/fincasgiron.com\/\",\"name\":\"Fincas Giron\",\"description\":\"Gesti\u00f3n Inmobiliaria en el Alt Empord\u00e0. Tambi\u00e9n mantenimiento de piscinas, viviendas, jardines. Su mejor opci\u00f3n est\u00e1 en Fincas Gir\u00f3n.\",\"publisher\":{\"@id\":\"https:\/\/fincasgiron.com\/#organization\"},\"potentialAction\":[{\"@type\":\"SearchAction\",\"target\":{\"@type\":\"EntryPoint\",\"urlTemplate\":\"https:\/\/fincasgiron.com\/?s={search_term_string}\"},\"query-input\":{\"@type\":\"PropertyValueSpecification\",\"valueRequired\":true,\"valueName\":\"search_term_string\"}}],\"inLanguage\":\"fr-FR\"},{\"@type\":\"Organization\",\"@id\":\"https:\/\/fincasgiron.com\/#organization\",\"name\":\"Fincas Giron\",\"url\":\"https:\/\/fincasgiron.com\/\",\"logo\":{\"@type\":\"ImageObject\",\"inLanguage\":\"fr-FR\",\"@id\":\"https:\/\/fincasgiron.com\/#\/schema\/logo\/image\/\",\"url\":\"https:\/\/fincasgiron.com\/wp-content\/uploads\/2023\/10\/Logo-Fincas-Giron.png\",\"contentUrl\":\"https:\/\/fincasgiron.com\/wp-content\/uploads\/2023\/10\/Logo-Fincas-Giron.png\",\"width\":500,\"height\":96,\"caption\":\"Fincas Giron\"},\"image\":{\"@id\":\"https:\/\/fincasgiron.com\/#\/schema\/logo\/image\/\"},\"sameAs\":[\"https:\/\/www.facebook.com\/FincasGiron\",\"https:\/\/www.instagram.com\/FincasGiron\/\"]}]}<\/script>\n<!-- \/ Yoast SEO plugin. -->","yoast_head_json":{"title":"Contact - Fincas Giron, Gestion Immobili\u00e8re sur la Costa Brava","description":"Chez Fincas Giron, vous trouverez les meilleures propositions immobili\u00e8res. Notre objectif est d'offrir un service de qualit\u00e9 et professionnel.","robots":{"index":"index","follow":"follow","max-snippet":"max-snippet:-1","max-image-preview":"max-image-preview:large","max-video-preview":"max-video-preview:-1"},"canonical":"https:\/\/fincasgiron.com\/contacto\/","og_locale":"fr_FR","og_type":"article","og_title":"Contact - Fincas Giron, Gestion Immobili\u00e8re sur la Costa Brava","og_description":"Chez Fincas Giron, vous trouverez les meilleures propositions immobili\u00e8res. Notre objectif est d'offrir un service de qualit\u00e9 et professionnel.","og_url":"https:\/\/fincasgiron.com\/contacto\/","og_site_name":"Fincas Giron","article_publisher":"https:\/\/www.facebook.com\/FincasGiron","article_modified_time":"2024-01-26T14:15:03+00:00","twitter_card":"summary_large_image","twitter_misc":{"Dur\u00e9e de lecture estim\u00e9e":"1 minute"},"schema":{"@context":"https:\/\/schema.org","@graph":[{"@type":"WebPage","@id":"https:\/\/fincasgiron.com\/contacto\/","url":"https:\/\/fincasgiron.com\/contacto\/","name":"Contact - Fincas Giron, Gestion Immobili\u00e8re sur la Costa Brava","isPartOf":{"@id":"https:\/\/fincasgiron.com\/#website"},"datePublished":"2023-10-16T10:17:31+00:00","dateModified":"2024-01-26T14:15:03+00:00","description":"Chez Fincas Giron, vous trouverez les meilleures propositions immobili\u00e8res. Notre objectif est d'offrir un service de qualit\u00e9 et professionnel.","breadcrumb":{"@id":"https:\/\/fincasgiron.com\/contacto\/#breadcrumb"},"inLanguage":"fr-FR","potentialAction":[{"@type":"ReadAction","target":["https:\/\/fincasgiron.com\/contacto\/"]}]},{"@type":"BreadcrumbList","@id":"https:\/\/fincasgiron.com\/contacto\/#breadcrumb","itemListElement":[{"@type":"ListItem","position":1,"name":"Portada","item":"https:\/\/fincasgiron.com\/"},{"@type":"ListItem","position":2,"name":"Contact"}]},{"@type":"WebSite","@id":"https:\/\/fincasgiron.com\/#website","url":"https:\/\/fincasgiron.com\/","name":"Fincas Giron","description":"Gesti\u00f3n Inmobiliaria en el Alt Empord\u00e0. Tambi\u00e9n mantenimiento de piscinas, viviendas, jardines. Su mejor opci\u00f3n est\u00e1 en Fincas Gir\u00f3n.","publisher":{"@id":"https:\/\/fincasgiron.com\/#organization"},"potentialAction":[{"@type":"SearchAction","target":{"@type":"EntryPoint","urlTemplate":"https:\/\/fincasgiron.com\/?s={search_term_string}"},"query-input":{"@type":"PropertyValueSpecification","valueRequired":true,"valueName":"search_term_string"}}],"inLanguage":"fr-FR"},{"@type":"Organization","@id":"https:\/\/fincasgiron.com\/#organization","name":"Fincas Giron","url":"https:\/\/fincasgiron.com\/","logo":{"@type":"ImageObject","inLanguage":"fr-FR","@id":"https:\/\/fincasgiron.com\/#\/schema\/logo\/image\/","url":"https:\/\/fincasgiron.com\/wp-content\/uploads\/2023\/10\/Logo-Fincas-Giron.png","contentUrl":"https:\/\/fincasgiron.com\/wp-content\/uploads\/2023\/10\/Logo-Fincas-Giron.png","width":500,"height":96,"caption":"Fincas Giron"},"image":{"@id":"https:\/\/fincasgiron.com\/#\/schema\/logo\/image\/"},"sameAs":["https:\/\/www.facebook.com\/FincasGiron","https:\/\/www.instagram.com\/FincasGiron\/"]}]}},"_links":{"self":[{"href":"https:\/\/fincasgiron.com\/fr\/wp-json\/wp\/v2\/pages\/6055","targetHints":{"allow":["GET"]}}],"collection":[{"href":"https:\/\/fincasgiron.com\/fr\/wp-json\/wp\/v2\/pages"}],"about":[{"href":"https:\/\/fincasgiron.com\/fr\/wp-json\/wp\/v2\/types\/page"}],"author":[{"embeddable":true,"href":"https:\/\/fincasgiron.com\/fr\/wp-json\/wp\/v2\/users\/1"}],"replies":[{"embeddable":true,"href":"https:\/\/fincasgiron.com\/fr\/wp-json\/wp\/v2\/comments?post=6055"}],"version-history":[{"count":4,"href":"https:\/\/fincasgiron.com\/fr\/wp-json\/wp\/v2\/pages\/6055\/revisions"}],"predecessor-version":[{"id":6157,"href":"https:\/\/fincasgiron.com\/fr\/wp-json\/wp\/v2\/pages\/6055\/revisions\/6157"}],"wp:attachment":[{"href":"https:\/\/fincasgiron.com\/fr\/wp-json\/wp\/v2\/media?parent=6055"}],"curies":[{"name":"wp","href":"https:\/\/api.w.org\/{rel}","templated":true}]}}