{"id":6063,"date":"2023-10-19T10:31:42","date_gmt":"2023-10-19T10:31:42","guid":{"rendered":"https:\/\/fincasgiron.com\/a-propos-de-nous\/"},"modified":"2024-01-23T15:00:04","modified_gmt":"2024-01-23T15:00:04","slug":"a-propos-de-nous","status":"publish","type":"page","link":"https:\/\/fincasgiron.com\/fr\/a-propos-de-nous\/","title":{"rendered":"\u00c0 propos de nous"},"content":{"rendered":"\t\t<div data-elementor-type=\"wp-page\" data-elementor-id=\"6063\" class=\"elementor elementor-6063 elementor-1014\" data-elementor-post-type=\"page\">\n\t\t\t\t<div class=\"elementor-element elementor-element-080cafd e-con-full e-flex e-con e-parent\" data-id=\"080cafd\" data-element_type=\"container\" data-e-type=\"container\" data-settings=\"{&quot;background_background&quot;:&quot;classic&quot;}\">\n\t\t<div class=\"elementor-element elementor-element-b1db5e9 e-flex e-con-boxed e-con e-child\" data-id=\"b1db5e9\" data-element_type=\"container\" data-e-type=\"container\">\n\t\t\t\t\t<div class=\"e-con-inner\">\n\t\t\t\t<div class=\"elementor-element elementor-element-056d745 elementor-widget elementor-widget-heading\" data-id=\"056d745\" data-element_type=\"widget\" data-e-type=\"widget\" data-widget_type=\"heading.default\">\n\t\t\t\t<div class=\"elementor-widget-container\">\n\t\t\t\t\t<h1 class=\"elementor-heading-title elementor-size-default\">Fincas Giron - Experts immobiliers<\/h1>\t\t\t\t<\/div>\n\t\t\t\t<\/div>\n\t\t\t\t<div class=\"elementor-element elementor-element-8ddbb83 elementor-widget elementor-widget-text-editor\" data-id=\"8ddbb83\" data-element_type=\"widget\" data-e-type=\"widget\" data-widget_type=\"text-editor.default\">\n\t\t\t\t<div class=\"elementor-widget-container\">\n\t\t\t\t\t\t\t\t\t<p>Chez Fincas Giron, nous proposons \u00e0 nos clients une grande vari\u00e9t\u00e9 de propri\u00e9t\u00e9s, des charmantes propri\u00e9t\u00e9s rustiques aux maisons modernes, en passant par des appartements confortables, des chalets luxueux, des garages et des locaux commerciaux. Quelle que soit votre pr\u00e9f\u00e9rence, nous sommes s\u00fbrs que vous trouverez la propri\u00e9t\u00e9 id\u00e9ale pour r\u00e9pondre \u00e0 vos besoins.<\/p>\n\t\t\t\t\t\t\t\t<\/div>\n\t\t\t\t<\/div>\n\t\t\t\t\t<\/div>\n\t\t\t\t<\/div>\n\t\t\t\t<\/div>\n\t\t<div class=\"elementor-element elementor-element-f4e124a e-flex e-con-boxed e-con e-parent\" data-id=\"f4e124a\" data-element_type=\"container\" data-e-type=\"container\">\n\t\t\t\t\t<div class=\"e-con-inner\">\n\t\t\t\t<div class=\"elementor-element elementor-element-6436591 elementor-widget elementor-widget-text-editor\" data-id=\"6436591\" data-element_type=\"widget\" data-e-type=\"widget\" data-widget_type=\"text-editor.default\">\n\t\t\t\t<div class=\"elementor-widget-container\">\n\t\t\t\t\t\t\t\t\t<p>La <strong>Costa Brava<\/strong> est une r\u00e9gion qui offre une <strong>offre immobili\u00e8re<\/strong> exceptionnellement diversifi\u00e9e. Pour r\u00e9pondre aux besoins des clients souhaitant <strong>acheter leur maison<\/strong> dans cette belle r\u00e9gion, une connaissance approfondie du march\u00e9 local est requise. Chez <strong>Fincas Giron<\/strong>, nous sommes fiers d&rsquo;\u00eatre votre <strong>agence immobili\u00e8re de confiance<\/strong> sur la Costa Brava. Nous offrons un traitement proche et personnalis\u00e9 qui nous diff\u00e9rencie des autres agences, puisque nous maintenons \u00e0 tout moment un contact direct avec nos clients.<\/p>\n<p>Si vous recherchez des maisons neuves \u00e0 acheter, des <strong>appartements d&rsquo;occasion<\/strong> ou m\u00eame si vous \u00eates int\u00e9ress\u00e9 par la <strong>location de maisons<\/strong> sur la Costa Brava, nous vous invitons \u00e0 explorer notre vaste catalogue de propri\u00e9t\u00e9s. Notre catalogue comprend une grande vari\u00e9t\u00e9 de propri\u00e9t\u00e9s, des charmantes propri\u00e9t\u00e9s rustiques aux maisons modernes, en passant par des appartements confortables, des chalets luxueux, des garages et des locaux commerciaux. Quelle que soit votre pr\u00e9f\u00e9rence, nous sommes s\u00fbrs que vous trouverez la propri\u00e9t\u00e9 id\u00e9ale pour r\u00e9pondre \u00e0 vos besoins.<\/p>\n<p>Chez <strong>Fincas Giron<\/strong>, nous vous donnons \u00e9galement acc\u00e8s \u00e0 des promotions de nouvelles constructions et \u00e0 des maisons dans des urbanisations priv\u00e9es avec jardins et piscines. Nos options au centre-ville offrent des vues in\u00e9gal\u00e9es. Si vous recherchez une vie d\u00e9tendue sur la Costa Brava ou un espace exclusif au c\u0153ur de la ville, nous avons quelque chose de sp\u00e9cial pour vous. Explorez nos propri\u00e9t\u00e9s avec du charme, un design moderne et d&rsquo;excellents \u00e9quipements qui rendront votre exp\u00e9rience sur la Costa Brava inoubliable.<\/p>\n\t\t\t\t\t\t\t\t<\/div>\n\t\t\t\t<\/div>\n\t\t\t\t\t<\/div>\n\t\t\t\t<\/div>\n\t\t\t\t<\/div>\n\t\t","protected":false},"excerpt":{"rendered":"<p>Fincas Giron &#8211; Experts immobiliers Chez Fincas Giron, nous proposons \u00e0 nos clients une grande vari\u00e9t\u00e9 de propri\u00e9t\u00e9s, des charmantes propri\u00e9t\u00e9s rustiques aux maisons modernes, en passant par des appartements confortables, des chalets luxueux, des garages et des locaux commerciaux. Quelle que soit votre pr\u00e9f\u00e9rence, nous sommes s\u00fbrs que vous trouverez la propri\u00e9t\u00e9 id\u00e9ale pour [&hellip;]<\/p>\n","protected":false},"author":1,"featured_media":0,"parent":0,"menu_order":0,"comment_status":"closed","ping_status":"closed","template":"","meta":{"site-sidebar-layout":"no-sidebar","site-content-layout":"","ast-site-content-layout":"full-width-container","site-content-style":"default","site-sidebar-style":"default","ast-global-header-display":"","ast-banner-title-visibility":"","ast-main-header-display":"","ast-hfb-above-header-display":"","ast-hfb-below-header-display":"","ast-hfb-mobile-header-display":"","site-post-title":"disabled","ast-breadcrumbs-content":"","ast-featured-img":"disabled","footer-sml-layout":"","ast-disable-related-posts":"","theme-transparent-header-meta":"default","adv-header-id-meta":"","stick-header-meta":"default","header-above-stick-meta":"","header-main-stick-meta":"","header-below-stick-meta":"","astra-migrate-meta-layouts":"set","ast-page-background-enabled":"default","ast-page-background-meta":{"desktop":{"background-color":"var(--ast-global-color-4)","background-image":"","background-repeat":"repeat","background-position":"center center","background-size":"auto","background-attachment":"scroll","background-type":"","background-media":"","overlay-type":"","overlay-color":"","overlay-opacity":"","overlay-gradient":""},"tablet":{"background-color":"","background-image":"","background-repeat":"repeat","background-position":"center center","background-size":"auto","background-attachment":"scroll","background-type":"","background-media":"","overlay-type":"","overlay-color":"","overlay-opacity":"","overlay-gradient":""},"mobile":{"background-color":"","background-image":"","background-repeat":"repeat","background-position":"center center","background-size":"auto","background-attachment":"scroll","background-type":"","background-media":"","overlay-type":"","overlay-color":"","overlay-opacity":"","overlay-gradient":""}},"ast-content-background-meta":{"desktop":{"background-color":"var(--ast-global-color-5)","background-image":"","background-repeat":"repeat","background-position":"center center","background-size":"auto","background-attachment":"scroll","background-type":"","background-media":"","overlay-type":"","overlay-color":"","overlay-opacity":"","overlay-gradient":""},"tablet":{"background-color":"var(--ast-global-color-5)","background-image":"","background-repeat":"repeat","background-position":"center center","background-size":"auto","background-attachment":"scroll","background-type":"","background-media":"","overlay-type":"","overlay-color":"","overlay-opacity":"","overlay-gradient":""},"mobile":{"background-color":"var(--ast-global-color-5)","background-image":"","background-repeat":"repeat","background-position":"center center","background-size":"auto","background-attachment":"scroll","background-type":"","background-media":"","overlay-type":"","overlay-color":"","overlay-opacity":"","overlay-gradient":""}},"footnotes":""},"class_list":["post-6063","page","type-page","status-publish","hentry"],"yoast_head":"<!-- This site is optimized with the Yoast SEO plugin v27.2 - https:\/\/yoast.com\/product\/yoast-seo-wordpress\/ -->\n<title>\u00c0 propos de nous - Fincas Giron<\/title>\n<meta name=\"robots\" content=\"index, follow, max-snippet:-1, max-image-preview:large, max-video-preview:-1\" \/>\n<link rel=\"canonical\" href=\"https:\/\/fincasgiron.com\/fr\/a-propos-de-nous\/\" \/>\n<meta property=\"og:locale\" content=\"fr_FR\" \/>\n<meta property=\"og:type\" content=\"article\" \/>\n<meta property=\"og:title\" content=\"\u00c0 propos de nous - Fincas Giron\" \/>\n<meta property=\"og:description\" content=\"Fincas Giron &#8211; Experts immobiliers Chez Fincas Giron, nous proposons \u00e0 nos clients une grande vari\u00e9t\u00e9 de propri\u00e9t\u00e9s, des charmantes propri\u00e9t\u00e9s rustiques aux maisons modernes, en passant par des appartements confortables, des chalets luxueux, des garages et des locaux commerciaux. Quelle que soit votre pr\u00e9f\u00e9rence, nous sommes s\u00fbrs que vous trouverez la propri\u00e9t\u00e9 id\u00e9ale pour [&hellip;]\" \/>\n<meta property=\"og:url\" content=\"https:\/\/fincasgiron.com\/fr\/a-propos-de-nous\/\" \/>\n<meta property=\"og:site_name\" content=\"Fincas Giron\" \/>\n<meta property=\"article:publisher\" content=\"https:\/\/www.facebook.com\/FincasGiron\" \/>\n<meta property=\"article:modified_time\" content=\"2024-01-23T15:00:04+00:00\" \/>\n<meta name=\"twitter:card\" content=\"summary_large_image\" \/>\n<meta name=\"twitter:label1\" content=\"Dur\u00e9e de lecture estim\u00e9e\" \/>\n\t<meta name=\"twitter:data1\" content=\"2 minutes\" \/>\n<script type=\"application\/ld+json\" class=\"yoast-schema-graph\">{\"@context\":\"https:\/\/schema.org\",\"@graph\":[{\"@type\":\"WebPage\",\"@id\":\"https:\/\/fincasgiron.com\/fr\/a-propos-de-nous\/\",\"url\":\"https:\/\/fincasgiron.com\/fr\/a-propos-de-nous\/\",\"name\":\"\u00c0 propos de nous - Fincas Giron\",\"isPartOf\":{\"@id\":\"https:\/\/fincasgiron.com\/#website\"},\"datePublished\":\"2023-10-19T10:31:42+00:00\",\"dateModified\":\"2024-01-23T15:00:04+00:00\",\"breadcrumb\":{\"@id\":\"https:\/\/fincasgiron.com\/fr\/a-propos-de-nous\/#breadcrumb\"},\"inLanguage\":\"fr-FR\",\"potentialAction\":[{\"@type\":\"ReadAction\",\"target\":[\"https:\/\/fincasgiron.com\/fr\/a-propos-de-nous\/\"]}]},{\"@type\":\"BreadcrumbList\",\"@id\":\"https:\/\/fincasgiron.com\/fr\/a-propos-de-nous\/#breadcrumb\",\"itemListElement\":[{\"@type\":\"ListItem\",\"position\":1,\"name\":\"Portada\",\"item\":\"https:\/\/fincasgiron.com\/\"},{\"@type\":\"ListItem\",\"position\":2,\"name\":\"\u00c0 propos de nous\"}]},{\"@type\":\"WebSite\",\"@id\":\"https:\/\/fincasgiron.com\/#website\",\"url\":\"https:\/\/fincasgiron.com\/\",\"name\":\"Fincas Giron\",\"description\":\"Gesti\u00f3n Inmobiliaria en el Alt Empord\u00e0. Tambi\u00e9n mantenimiento de piscinas, viviendas, jardines. Su mejor opci\u00f3n est\u00e1 en Fincas Gir\u00f3n.\",\"publisher\":{\"@id\":\"https:\/\/fincasgiron.com\/#organization\"},\"potentialAction\":[{\"@type\":\"SearchAction\",\"target\":{\"@type\":\"EntryPoint\",\"urlTemplate\":\"https:\/\/fincasgiron.com\/?s={search_term_string}\"},\"query-input\":{\"@type\":\"PropertyValueSpecification\",\"valueRequired\":true,\"valueName\":\"search_term_string\"}}],\"inLanguage\":\"fr-FR\"},{\"@type\":\"Organization\",\"@id\":\"https:\/\/fincasgiron.com\/#organization\",\"name\":\"Fincas Giron\",\"url\":\"https:\/\/fincasgiron.com\/\",\"logo\":{\"@type\":\"ImageObject\",\"inLanguage\":\"fr-FR\",\"@id\":\"https:\/\/fincasgiron.com\/#\/schema\/logo\/image\/\",\"url\":\"https:\/\/fincasgiron.com\/wp-content\/uploads\/2023\/10\/Logo-Fincas-Giron.png\",\"contentUrl\":\"https:\/\/fincasgiron.com\/wp-content\/uploads\/2023\/10\/Logo-Fincas-Giron.png\",\"width\":500,\"height\":96,\"caption\":\"Fincas Giron\"},\"image\":{\"@id\":\"https:\/\/fincasgiron.com\/#\/schema\/logo\/image\/\"},\"sameAs\":[\"https:\/\/www.facebook.com\/FincasGiron\",\"https:\/\/www.instagram.com\/FincasGiron\/\"]}]}<\/script>\n<!-- \/ Yoast SEO plugin. -->","yoast_head_json":{"title":"\u00c0 propos de nous - Fincas Giron","robots":{"index":"index","follow":"follow","max-snippet":"max-snippet:-1","max-image-preview":"max-image-preview:large","max-video-preview":"max-video-preview:-1"},"canonical":"https:\/\/fincasgiron.com\/fr\/a-propos-de-nous\/","og_locale":"fr_FR","og_type":"article","og_title":"\u00c0 propos de nous - Fincas Giron","og_description":"Fincas Giron &#8211; Experts immobiliers Chez Fincas Giron, nous proposons \u00e0 nos clients une grande vari\u00e9t\u00e9 de propri\u00e9t\u00e9s, des charmantes propri\u00e9t\u00e9s rustiques aux maisons modernes, en passant par des appartements confortables, des chalets luxueux, des garages et des locaux commerciaux. Quelle que soit votre pr\u00e9f\u00e9rence, nous sommes s\u00fbrs que vous trouverez la propri\u00e9t\u00e9 id\u00e9ale pour [&hellip;]","og_url":"https:\/\/fincasgiron.com\/fr\/a-propos-de-nous\/","og_site_name":"Fincas Giron","article_publisher":"https:\/\/www.facebook.com\/FincasGiron","article_modified_time":"2024-01-23T15:00:04+00:00","twitter_card":"summary_large_image","twitter_misc":{"Dur\u00e9e de lecture estim\u00e9e":"2 minutes"},"schema":{"@context":"https:\/\/schema.org","@graph":[{"@type":"WebPage","@id":"https:\/\/fincasgiron.com\/fr\/a-propos-de-nous\/","url":"https:\/\/fincasgiron.com\/fr\/a-propos-de-nous\/","name":"\u00c0 propos de nous - Fincas Giron","isPartOf":{"@id":"https:\/\/fincasgiron.com\/#website"},"datePublished":"2023-10-19T10:31:42+00:00","dateModified":"2024-01-23T15:00:04+00:00","breadcrumb":{"@id":"https:\/\/fincasgiron.com\/fr\/a-propos-de-nous\/#breadcrumb"},"inLanguage":"fr-FR","potentialAction":[{"@type":"ReadAction","target":["https:\/\/fincasgiron.com\/fr\/a-propos-de-nous\/"]}]},{"@type":"BreadcrumbList","@id":"https:\/\/fincasgiron.com\/fr\/a-propos-de-nous\/#breadcrumb","itemListElement":[{"@type":"ListItem","position":1,"name":"Portada","item":"https:\/\/fincasgiron.com\/"},{"@type":"ListItem","position":2,"name":"\u00c0 propos de nous"}]},{"@type":"WebSite","@id":"https:\/\/fincasgiron.com\/#website","url":"https:\/\/fincasgiron.com\/","name":"Fincas Giron","description":"Gesti\u00f3n Inmobiliaria en el Alt Empord\u00e0. Tambi\u00e9n mantenimiento de piscinas, viviendas, jardines. Su mejor opci\u00f3n est\u00e1 en Fincas Gir\u00f3n.","publisher":{"@id":"https:\/\/fincasgiron.com\/#organization"},"potentialAction":[{"@type":"SearchAction","target":{"@type":"EntryPoint","urlTemplate":"https:\/\/fincasgiron.com\/?s={search_term_string}"},"query-input":{"@type":"PropertyValueSpecification","valueRequired":true,"valueName":"search_term_string"}}],"inLanguage":"fr-FR"},{"@type":"Organization","@id":"https:\/\/fincasgiron.com\/#organization","name":"Fincas Giron","url":"https:\/\/fincasgiron.com\/","logo":{"@type":"ImageObject","inLanguage":"fr-FR","@id":"https:\/\/fincasgiron.com\/#\/schema\/logo\/image\/","url":"https:\/\/fincasgiron.com\/wp-content\/uploads\/2023\/10\/Logo-Fincas-Giron.png","contentUrl":"https:\/\/fincasgiron.com\/wp-content\/uploads\/2023\/10\/Logo-Fincas-Giron.png","width":500,"height":96,"caption":"Fincas Giron"},"image":{"@id":"https:\/\/fincasgiron.com\/#\/schema\/logo\/image\/"},"sameAs":["https:\/\/www.facebook.com\/FincasGiron","https:\/\/www.instagram.com\/FincasGiron\/"]}]}},"_links":{"self":[{"href":"https:\/\/fincasgiron.com\/fr\/wp-json\/wp\/v2\/pages\/6063","targetHints":{"allow":["GET"]}}],"collection":[{"href":"https:\/\/fincasgiron.com\/fr\/wp-json\/wp\/v2\/pages"}],"about":[{"href":"https:\/\/fincasgiron.com\/fr\/wp-json\/wp\/v2\/types\/page"}],"author":[{"embeddable":true,"href":"https:\/\/fincasgiron.com\/fr\/wp-json\/wp\/v2\/users\/1"}],"replies":[{"embeddable":true,"href":"https:\/\/fincasgiron.com\/fr\/wp-json\/wp\/v2\/comments?post=6063"}],"version-history":[{"count":1,"href":"https:\/\/fincasgiron.com\/fr\/wp-json\/wp\/v2\/pages\/6063\/revisions"}],"predecessor-version":[{"id":6064,"href":"https:\/\/fincasgiron.com\/fr\/wp-json\/wp\/v2\/pages\/6063\/revisions\/6064"}],"wp:attachment":[{"href":"https:\/\/fincasgiron.com\/fr\/wp-json\/wp\/v2\/media?parent=6063"}],"curies":[{"name":"wp","href":"https:\/\/api.w.org\/{rel}","templated":true}]}}